{"id":748,"date":"2026-01-06T17:11:28","date_gmt":"2026-01-06T17:11:28","guid":{"rendered":"https:\/\/aeoj.org\/biblioteca\/?page_id=748"},"modified":"2026-01-16T11:15:35","modified_gmt":"2026-01-16T11:15:35","slug":"ler-fora-da-escola","status":"publish","type":"page","link":"https:\/\/aeoj.org\/biblioteca\/ler-fora-da-escola\/","title":{"rendered":"Ler Fora da Escola"},"content":{"rendered":"\n<figure class=\"wp-block-image size-full\"><img loading=\"lazy\" decoding=\"async\" width=\"721\" height=\"202\" src=\"https:\/\/aeoj.org\/biblioteca\/wp-content\/uploads\/2026\/01\/Capturar.jpg\" alt=\"\" class=\"wp-image-749\" srcset=\"https:\/\/aeoj.org\/biblioteca\/wp-content\/uploads\/2026\/01\/Capturar.jpg 721w, https:\/\/aeoj.org\/biblioteca\/wp-content\/uploads\/2026\/01\/Capturar-300x84.jpg 300w\" sizes=\"auto, (max-width: 721px) 100vw, 721px\" \/><\/figure>\n\n\n\n<p><\/p>\n\n\n\n<p><strong>\u201cLer fora da Escola\u201d<\/strong> \u00e9 um projeto nacional desenvolvido pela <strong>Rede de Bibliotecas Escolares (RBE)<\/strong> em parceria com a <strong>Funda\u00e7\u00e3o Belmiro de Azevedo<\/strong>, que visa <strong>promover o gosto e as compet\u00eancias de leitura nas crian\u00e7as atrav\u00e9s de pr\u00e1ticas de leitura <em>em fam\u00edlia<\/em><\/strong> \u2014 ou seja, <em>fora do contexto escolar tradicional<\/em>. <\/p>\n\n\n\n<p>O projeto pretende:<\/p>\n\n\n\n<ul class=\"wp-block-list\">\n<li><strong>Fomentar o gosto e a valoriza\u00e7\u00e3o da leitura<\/strong> desde os primeiros anos de escolaridade (pr\u00e9-escolar e 1.\u00ba\/2.\u00ba anos do 1.\u00ba ciclo).<\/li>\n\n\n\n<li><strong>Criar uma liga\u00e7\u00e3o entre a escola, a biblioteca escolar e a fam\u00edlia<\/strong>, de forma que a leitura passe a fazer parte da rotina familiar, promovendo momentos significativos de leitura partilhada. <\/li>\n\n\n\n<li><strong>Desenvolver compet\u00eancias leitoras e linguagem oral<\/strong>, apoiando as crian\u00e7as no seu percurso de literacia inicial.<\/li>\n<\/ul>\n\n\n\n<p>No nosso agrupamento, no ano letivo 2025-2026, o projeto est\u00e1 organizado apenas na <strong>Etapa Aprender<\/strong> \u2013 dirigida aos <strong>1.\u00ba e 2.\u00ba anos <\/strong>, com atividades que apoiam o treino da leitura e familiariza\u00e7\u00e3o com texto escrito. <\/p>\n\n\n\n<p>Um dos pilares do projeto \u00e9 justamente <strong>envolver ativamente as fam\u00edlias<\/strong>, incentivando-as a reservar tempo para ler com as crian\u00e7as, explorar livros juntos, discutir hist\u00f3rias e criar h\u00e1bitos de leitura regulares no contexto dom\u00e9stico \u2014 criando assim uma ponte entre a escola e a vida familiar em benef\u00edcio das crian\u00e7as. <\/p>\n\n\n\n<p>O projeto tem tido uma boa ades\u00e3o nas Escolas B\u00e1sicas do Espadanal e dos Ribeiros, envolvendo docentes e fam\u00edlias.<\/p>\n\n\n\n<figure class=\"wp-block-image size-full\"><img loading=\"lazy\" decoding=\"async\" width=\"940\" height=\"940\" src=\"https:\/\/aeoj.org\/biblioteca\/wp-content\/uploads\/2026\/01\/1.png\" alt=\"\" class=\"wp-image-751\" srcset=\"https:\/\/aeoj.org\/biblioteca\/wp-content\/uploads\/2026\/01\/1.png 940w, https:\/\/aeoj.org\/biblioteca\/wp-content\/uploads\/2026\/01\/1-300x300.png 300w, https:\/\/aeoj.org\/biblioteca\/wp-content\/uploads\/2026\/01\/1-150x150.png 150w, https:\/\/aeoj.org\/biblioteca\/wp-content\/uploads\/2026\/01\/1-768x768.png 768w, https:\/\/aeoj.org\/biblioteca\/wp-content\/uploads\/2026\/01\/1-100x100.png 100w\" sizes=\"auto, (max-width: 767px) 89vw, (max-width: 1000px) 54vw, (max-width: 1071px) 543px, 580px\" \/><\/figure>\n\n\n\n<figure class=\"wp-block-image size-full\"><img loading=\"lazy\" decoding=\"async\" width=\"940\" height=\"940\" src=\"https:\/\/aeoj.org\/biblioteca\/wp-content\/uploads\/2026\/01\/2.png\" alt=\"\" class=\"wp-image-750\" srcset=\"https:\/\/aeoj.org\/biblioteca\/wp-content\/uploads\/2026\/01\/2.png 940w, https:\/\/aeoj.org\/biblioteca\/wp-content\/uploads\/2026\/01\/2-300x300.png 300w, https:\/\/aeoj.org\/biblioteca\/wp-content\/uploads\/2026\/01\/2-150x150.png 150w, https:\/\/aeoj.org\/biblioteca\/wp-content\/uploads\/2026\/01\/2-768x768.png 768w, https:\/\/aeoj.org\/biblioteca\/wp-content\/uploads\/2026\/01\/2-100x100.png 100w\" sizes=\"auto, (max-width: 767px) 89vw, (max-width: 1000px) 54vw, (max-width: 1071px) 543px, 580px\" \/><\/figure>\n\n\n\n<p class=\"has-text-align-center\">Aluna do 1\u00ba B da Escola B\u00e1sica Ribeiros<\/p>\n\n\n\n<figure class=\"wp-block-image size-large\"><img loading=\"lazy\" decoding=\"async\" width=\"576\" height=\"1024\" src=\"https:\/\/aeoj.org\/biblioteca\/wp-content\/uploads\/2026\/01\/05f1658b-d47a-4056-99da-8d0da087366c-576x1024.jpg\" alt=\"\" class=\"wp-image-771\" srcset=\"https:\/\/aeoj.org\/biblioteca\/wp-content\/uploads\/2026\/01\/05f1658b-d47a-4056-99da-8d0da087366c-576x1024.jpg 576w, https:\/\/aeoj.org\/biblioteca\/wp-content\/uploads\/2026\/01\/05f1658b-d47a-4056-99da-8d0da087366c-169x300.jpg 169w, https:\/\/aeoj.org\/biblioteca\/wp-content\/uploads\/2026\/01\/05f1658b-d47a-4056-99da-8d0da087366c-768x1365.jpg 768w, https:\/\/aeoj.org\/biblioteca\/wp-content\/uploads\/2026\/01\/05f1658b-d47a-4056-99da-8d0da087366c-864x1536.jpg 864w, https:\/\/aeoj.org\/biblioteca\/wp-content\/uploads\/2026\/01\/05f1658b-d47a-4056-99da-8d0da087366c.jpg 900w\" sizes=\"auto, (max-width: 576px) 100vw, 576px\" \/><\/figure>\n\n\n\n<p class=\"has-text-align-center\">Aluno do 1\u00baB da Escola B\u00e1sica Espadanal\u00a0<\/p>\n\n\n\n<p>Outros links com interesse:<\/p>\n\n\n\n<p><strong><a href=\"https:\/\/www.cnedu.pt\/content\/DICA\/DICA_2023\/Vivencias_2023\/Repensar_a_leitura_em_familia_a_partir_da_biblioteca_escolar.pdf\">Repensar a leitura em fam\u00edlia a partir da biblioteca escolar.<\/a><\/strong><\/p>\n\n\n\n<p><a href=\"https:\/\/www.rbe.mec.pt\/np4\/LER-encontros-com-livros\/\"><strong>Encontros com livros.<\/strong><\/a><\/p>\n\n\n\n<p><a href=\"https:\/\/www.rbe.mec.pt\/np4\/LER-fora-da-escola-espaco-dos-livros\/\"><strong>Espa\u00e7o dos livros.<\/strong><\/a><\/p>\n\n\n\n<p>Aceda <a href=\"https:\/\/drive.google.com\/drive\/folders\/1r6Vahw_SlSnu8sgMm0TYJIgaVbx9sFCY?usp=drive_link\">aqui<\/a> aos roteiros publicados.<\/p>\n\n\n\n<p class=\"has-text-align-right\">A equipa da biblioteca<\/p>\n\n\n\n<p><\/p>\n","protected":false},"excerpt":{"rendered":"<p>\u201cLer fora da Escola\u201d \u00e9 um projeto nacional desenvolvido pela Rede de Bibliotecas Escolares (RBE) em parceria com a Funda\u00e7\u00e3o Belmiro de Azevedo, que visa promover o gosto e as compet\u00eancias de leitura nas crian\u00e7as atrav\u00e9s de pr\u00e1ticas de leitura em fam\u00edlia \u2014 ou seja, fora do contexto escolar tradicional. O projeto pretende: No nosso &hellip; <\/p>\n<p class=\"link-more\"><a href=\"https:\/\/aeoj.org\/biblioteca\/ler-fora-da-escola\/\" class=\"more-link\">Continuar a ler <span class=\"screen-reader-text\">&#8220;Ler Fora da Escola&#8221;<\/span><\/a><\/p>\n","protected":false},"author":5,"featured_media":0,"parent":0,"menu_order":0,"comment_status":"closed","ping_status":"closed","template":"","meta":{"footnotes":""},"class_list":["post-748","page","type-page","status-publish","hentry"],"_links":{"self":[{"href":"https:\/\/aeoj.org\/biblioteca\/wp-json\/wp\/v2\/pages\/748","targetHints":{"allow":["GET"]}}],"collection":[{"href":"https:\/\/aeoj.org\/biblioteca\/wp-json\/wp\/v2\/pages"}],"about":[{"href":"https:\/\/aeoj.org\/biblioteca\/wp-json\/wp\/v2\/types\/page"}],"author":[{"embeddable":true,"href":"https:\/\/aeoj.org\/biblioteca\/wp-json\/wp\/v2\/users\/5"}],"replies":[{"embeddable":true,"href":"https:\/\/aeoj.org\/biblioteca\/wp-json\/wp\/v2\/comments?post=748"}],"version-history":[{"count":3,"href":"https:\/\/aeoj.org\/biblioteca\/wp-json\/wp\/v2\/pages\/748\/revisions"}],"predecessor-version":[{"id":772,"href":"https:\/\/aeoj.org\/biblioteca\/wp-json\/wp\/v2\/pages\/748\/revisions\/772"}],"wp:attachment":[{"href":"https:\/\/aeoj.org\/biblioteca\/wp-json\/wp\/v2\/media?parent=748"}],"curies":[{"name":"wp","href":"https:\/\/api.w.org\/{rel}","templated":true}]}}