{"id":739,"date":"2025-11-19T17:25:07","date_gmt":"2025-11-19T17:25:07","guid":{"rendered":"https:\/\/aeoj.org\/biblioteca\/?page_id=739"},"modified":"2025-11-19T17:27:35","modified_gmt":"2025-11-19T17:27:35","slug":"1o-e-2-o-ciclo","status":"publish","type":"page","link":"https:\/\/aeoj.org\/biblioteca\/1o-e-2-o-ciclo\/","title":{"rendered":"1\u00ba e 2 \u00ba Ciclo"},"content":{"rendered":"\n<p><em><strong> Estuda com a tua biblioteca a qualquer hora e em qualquer lugar!<\/strong><\/em> <em><strong>Navega pelos links.<\/strong><\/em><\/p>\n\n\n\n<p><strong>PORTUGU\u00caS<\/strong><\/p>\n\n\n\n<p><em>Ebook<\/em>\u00a0<strong><a href=\"https:\/\/info.dgeec.medu.pt\/portugues-num-minuto-duvidas-com-verbos\/\">\u201cPortugu\u00eas num minuto: d\u00favidas com verbos\u201d<\/a><\/strong>\u00a0\u2013 neste\u00a0<em>ebook\u00a0<\/em>podes esclarecer d\u00favidas com verbos, num minuto. \u00c9 s\u00f3 clicar e vais encontrar informa\u00e7\u00e3o \u00fatil e r\u00e1pida para falar e escrever com seguran\u00e7a.<\/p>\n\n\n\n<p>LIGA\u00c7\u00d5ES \u00daTEIS<\/p>\n\n\n\n<figure class=\"wp-block-image size-large is-resized\"><a href=\"https:\/\/www.pna.gov.pt\/1-e-2-ciclo-2\/\"><img loading=\"lazy\" decoding=\"async\" width=\"1024\" height=\"430\" src=\"https:\/\/aeoj.org\/biblioteca\/wp-content\/uploads\/2025\/11\/PNA-1024x430.jpg\" alt=\"\" class=\"wp-image-740\" style=\"width:320px;height:auto\" srcset=\"https:\/\/aeoj.org\/biblioteca\/wp-content\/uploads\/2025\/11\/PNA-1024x430.jpg 1024w, https:\/\/aeoj.org\/biblioteca\/wp-content\/uploads\/2025\/11\/PNA-300x126.jpg 300w, https:\/\/aeoj.org\/biblioteca\/wp-content\/uploads\/2025\/11\/PNA-768x322.jpg 768w, https:\/\/aeoj.org\/biblioteca\/wp-content\/uploads\/2025\/11\/PNA.jpg 1065w\" sizes=\"auto, (max-width: 767px) 89vw, (max-width: 1000px) 54vw, (max-width: 1071px) 543px, 580px\" \/><\/a><\/figure>\n\n\n\n<p><\/p>\n","protected":false},"excerpt":{"rendered":"<p>Estuda com a tua biblioteca a qualquer hora e em qualquer lugar! Navega pelos links. PORTUGU\u00caS Ebook\u00a0\u201cPortugu\u00eas num minuto: d\u00favidas com verbos\u201d\u00a0\u2013 neste\u00a0ebook\u00a0podes esclarecer d\u00favidas com verbos, num minuto. \u00c9 s\u00f3 clicar e vais encontrar informa\u00e7\u00e3o \u00fatil e r\u00e1pida para falar e escrever com seguran\u00e7a. LIGA\u00c7\u00d5ES \u00daTEIS<\/p>\n","protected":false},"author":5,"featured_media":0,"parent":0,"menu_order":0,"comment_status":"closed","ping_status":"closed","template":"","meta":{"footnotes":""},"class_list":["post-739","page","type-page","status-publish","hentry"],"_links":{"self":[{"href":"https:\/\/aeoj.org\/biblioteca\/wp-json\/wp\/v2\/pages\/739","targetHints":{"allow":["GET"]}}],"collection":[{"href":"https:\/\/aeoj.org\/biblioteca\/wp-json\/wp\/v2\/pages"}],"about":[{"href":"https:\/\/aeoj.org\/biblioteca\/wp-json\/wp\/v2\/types\/page"}],"author":[{"embeddable":true,"href":"https:\/\/aeoj.org\/biblioteca\/wp-json\/wp\/v2\/users\/5"}],"replies":[{"embeddable":true,"href":"https:\/\/aeoj.org\/biblioteca\/wp-json\/wp\/v2\/comments?post=739"}],"version-history":[{"count":2,"href":"https:\/\/aeoj.org\/biblioteca\/wp-json\/wp\/v2\/pages\/739\/revisions"}],"predecessor-version":[{"id":744,"href":"https:\/\/aeoj.org\/biblioteca\/wp-json\/wp\/v2\/pages\/739\/revisions\/744"}],"wp:attachment":[{"href":"https:\/\/aeoj.org\/biblioteca\/wp-json\/wp\/v2\/media?parent=739"}],"curies":[{"name":"wp","href":"https:\/\/api.w.org\/{rel}","templated":true}]}}