{"id":732,"date":"2025-11-19T17:14:11","date_gmt":"2025-11-19T17:14:11","guid":{"rendered":"https:\/\/aeoj.org\/biblioteca\/?page_id=732"},"modified":"2026-02-12T12:13:14","modified_gmt":"2026-02-12T12:13:14","slug":"3o-ciclo","status":"publish","type":"page","link":"https:\/\/aeoj.org\/biblioteca\/3o-ciclo\/","title":{"rendered":"3\u00ba Ciclo"},"content":{"rendered":"\n<p><em><strong> Estuda com a tua biblioteca a qualquer hora e em qualquer lugar!<\/strong><\/em> <em><strong>Navega pelos links.<\/strong><\/em><\/p>\n\n\n\n<p><strong>PORTUGU\u00caS<\/strong><\/p>\n\n\n\n<p><em>Ebook<\/em>&nbsp;<strong><a href=\"https:\/\/info.dgeec.medu.pt\/portugues-num-minuto-duvidas-com-verbos\/\">\u201cPortugu\u00eas num minuto: d\u00favidas com verbos\u201d<\/a><\/strong> &#8211; neste&nbsp;<em>ebook&nbsp;<\/em>podeS esclarecer d\u00favidas com verbos, num minuto. \u00c9 s\u00f3 clicar e vais encontrar informa\u00e7\u00e3o \u00fatil e r\u00e1pida para falar e escrever com seguran\u00e7a.<\/p>\n\n\n\n<p>O que \u00e9 um verbete de dicion\u00e1rio?<\/p>\n\n\n\n<p><a href=\"https:\/\/youtu.be\/XOoitoF1LyE\">Neste v\u00eddeo<\/a>, vamos explorar o conceito de <strong>verbete<\/strong>. Se tens d\u00favidas sobre o que significam aquelas abreviaturas estranhas, como se divide a palavra ou como encontrar a defini\u00e7\u00e3o correta entre v\u00e1rias op\u00e7\u00f5es, este guia \u00e9 para ti! Resolve tamb\u00e9m a <a href=\"https:\/\/drive.google.com\/file\/d\/1RFSUnoEiRWZv4RjVcgB4pU201jFRteXX\/view?usp=drive_link\">Ficha de Trabalho<\/a>!<\/p>\n\n\n\n<p><strong>MATEM\u00c1TICA<\/strong><\/p>\n\n\n\n<ul class=\"wp-block-list\">\n<li><a href=\"https:\/\/www.geogebra.org\/m\/yefukbhm\">Fun\u00e7\u00e3o Afim e resolu\u00e7\u00e3o de equa\u00e7\u00f5es <\/a>\u2013 Estudo da fun\u00e7\u00e3o afim e resolu\u00e7\u00e3o gr\u00e1fica de equa\u00e7\u00f5es do 1.\u00ba grau a uma vari\u00e1vel.<\/li>\n\n\n\n<li><a href=\"https:\/\/www.geogebra.org\/m\/a94jq6hk\">Adi\u00e7\u00e3o e subtra\u00e7\u00e3o entre n\u00fameros inteiros<\/a> .<\/li>\n\n\n\n<li>Adi\u00e7\u00e3o e subtra\u00e7\u00e3o entre n\u00fameros inteiros. &#8211; Jogo no <a href=\"https:\/\/scratch.mit.edu\/projects\/792523310\/fullscreen\/\">Scratch<\/a><\/li>\n\n\n\n<li><a href=\"https:\/\/www.geogebra.org\/m\/rpbppyr4\">Quadrado do bin\u00f3mio<\/a>.<\/li>\n<\/ul>\n\n\n\n<p><strong>OUTRAS LIGA\u00c7\u00d5ES \u00daTEIS<\/strong><\/p>\n\n\n\n<figure class=\"wp-block-image size-full\"><a href=\"https:\/\/www.pna.gov.pt\/3-ciclo\/\"><img loading=\"lazy\" decoding=\"async\" width=\"400\" height=\"197\" src=\"https:\/\/aeoj.org\/biblioteca\/wp-content\/uploads\/2025\/11\/pna3ceb.png\" alt=\"\" class=\"wp-image-733\" srcset=\"https:\/\/aeoj.org\/biblioteca\/wp-content\/uploads\/2025\/11\/pna3ceb.png 400w, https:\/\/aeoj.org\/biblioteca\/wp-content\/uploads\/2025\/11\/pna3ceb-300x148.png 300w\" sizes=\"auto, (max-width: 400px) 100vw, 400px\" \/><\/a><\/figure>\n\n\n\n<p><\/p>\n","protected":false},"excerpt":{"rendered":"<p>Estuda com a tua biblioteca a qualquer hora e em qualquer lugar! Navega pelos links. PORTUGU\u00caS Ebook&nbsp;\u201cPortugu\u00eas num minuto: d\u00favidas com verbos\u201d &#8211; neste&nbsp;ebook&nbsp;podeS esclarecer d\u00favidas com verbos, num minuto. \u00c9 s\u00f3 clicar e vais encontrar informa\u00e7\u00e3o \u00fatil e r\u00e1pida para falar e escrever com seguran\u00e7a. O que \u00e9 um verbete de dicion\u00e1rio? Neste v\u00eddeo, &hellip; <\/p>\n<p class=\"link-more\"><a href=\"https:\/\/aeoj.org\/biblioteca\/3o-ciclo\/\" class=\"more-link\">Continuar a ler <span class=\"screen-reader-text\">&#8220;3\u00ba Ciclo&#8221;<\/span><\/a><\/p>\n","protected":false},"author":5,"featured_media":0,"parent":0,"menu_order":0,"comment_status":"closed","ping_status":"closed","template":"","meta":{"footnotes":""},"class_list":["post-732","page","type-page","status-publish","hentry"],"_links":{"self":[{"href":"https:\/\/aeoj.org\/biblioteca\/wp-json\/wp\/v2\/pages\/732","targetHints":{"allow":["GET"]}}],"collection":[{"href":"https:\/\/aeoj.org\/biblioteca\/wp-json\/wp\/v2\/pages"}],"about":[{"href":"https:\/\/aeoj.org\/biblioteca\/wp-json\/wp\/v2\/types\/page"}],"author":[{"embeddable":true,"href":"https:\/\/aeoj.org\/biblioteca\/wp-json\/wp\/v2\/users\/5"}],"replies":[{"embeddable":true,"href":"https:\/\/aeoj.org\/biblioteca\/wp-json\/wp\/v2\/comments?post=732"}],"version-history":[{"count":2,"href":"https:\/\/aeoj.org\/biblioteca\/wp-json\/wp\/v2\/pages\/732\/revisions"}],"predecessor-version":[{"id":823,"href":"https:\/\/aeoj.org\/biblioteca\/wp-json\/wp\/v2\/pages\/732\/revisions\/823"}],"wp:attachment":[{"href":"https:\/\/aeoj.org\/biblioteca\/wp-json\/wp\/v2\/media?parent=732"}],"curies":[{"name":"wp","href":"https:\/\/api.w.org\/{rel}","templated":true}]}}