{"id":720,"date":"2025-11-19T16:32:00","date_gmt":"2025-11-19T16:32:00","guid":{"rendered":"https:\/\/aeoj.org\/biblioteca\/?page_id=720"},"modified":"2026-02-12T12:06:31","modified_gmt":"2026-02-12T12:06:31","slug":"secundario","status":"publish","type":"page","link":"https:\/\/aeoj.org\/biblioteca\/secundario\/","title":{"rendered":"Secund\u00e1rio"},"content":{"rendered":"\n<p><em><strong> Estuda com a biblioteca a qualquer hora e em qualquer lugar!<\/strong><\/em> <em><strong>Navega pelos links.<\/strong><\/em><\/p>\n\n\n\n<p><strong>PORTUGU\u00caS<\/strong><\/p>\n\n\n\n<p><em>Ebook<\/em>&nbsp;<a href=\"https:\/\/info.dgeec.medu.pt\/portugues-num-minuto-duvidas-com-verbos\/\">\u201cPortugu\u00eas num minuto: d\u00favidas com verbos\u201d<\/a> <\/p>\n\n\n\n<p>Aqui<em>&nbsp;<\/em>podes esclarecer d\u00favidas com verbos, num minuto. \u00c9 s\u00f3 clicar e vais encontrar informa\u00e7\u00e3o \u00fatil e r\u00e1pida para falar e escrever com seguran\u00e7a.<\/p>\n\n\n\n<p>O que \u00e9 um verbete de dicion\u00e1rio?<\/p>\n\n\n\n<p><a href=\"https:\/\/youtu.be\/XOoitoF1LyE\">Neste v\u00eddeo<\/a>, vamos explorar o conceito de <strong>verbete<\/strong>. Se tens d\u00favidas sobre o que significam aquelas abreviaturas estranhas, como se divide a palavra ou como encontrar a defini\u00e7\u00e3o correta entre v\u00e1rias op\u00e7\u00f5es, este guia \u00e9 para ti! Resolve tamb\u00e9m a <a href=\"https:\/\/drive.google.com\/file\/d\/1RFSUnoEiRWZv4RjVcgB4pU201jFRteXX\/view?usp=drive_link\">Ficha de Trabalho<\/a>!<\/p>\n\n\n\n<p><\/p>\n\n\n\n<p><strong>MATEM\u00c1TICA<\/strong><\/p>\n\n\n\n<p><strong><a href=\"https:\/\/www.geogebra.org\/m\/mkdbgj4j\">Fun\u00e7\u00e3o Quadr\u00e1tica<\/a><\/strong> &#8211; Coordenadas do v\u00e9rtice de uma fun\u00e7\u00e3o quadr\u00e1tica<br>Ap\u00f3s a manipula\u00e7\u00e3o do&nbsp;<em>applet<\/em>&nbsp;o utilizador deve ser capaz de concluir que numa fun\u00e7\u00e3o quadr\u00e1tica da forma f(x)=a(x-h)^2+k, as coordenadas do v\u00e9rtice da par\u00e1bola que a representa graficamente \u00e9 V(h,k).<\/p>\n\n\n\n<p><strong><a href=\"https:\/\/www.geogebra.org\/m\/tanwxr4b\">Fun\u00e7\u00f5es Racionais <\/a><\/strong> &#8211; Influ\u00eancia dos par\u00e2metros&nbsp;<em>a, b<\/em>&nbsp;e&nbsp;<em>c<\/em>, no estudo de fun\u00e7\u00f5es do tipo&nbsp;<img loading=\"lazy\" decoding=\"async\" width=\"67\" height=\"22\" srcset=\"https:\/\/biblioteca-aesl.pt\/wp-content\/uploads\/2022\/03\/racional-300x98.png 300w, https:\/\/biblioteca-aesl.pt\/wp-content\/uploads\/2022\/03\/racional-50x16.png 50w, https:\/\/biblioteca-aesl.pt\/wp-content\/uploads\/2022\/03\/racional-24x8.png 24w, https:\/\/biblioteca-aesl.pt\/wp-content\/uploads\/2022\/03\/racional-36x12.png 36w, https:\/\/biblioteca-aesl.pt\/wp-content\/uploads\/2022\/03\/racional-48x16.png 48w, https:\/\/biblioteca-aesl.pt\/wp-content\/uploads\/2022\/03\/racional.png 330w\" src=\"http:\/\/biblioteca-aesl.pt\/wp-content\/uploads\/2022\/03\/racional-300x98.png\" alt=\"\">.<\/p>\n\n\n\n<p><strong>Fun\u00e7\u00e3o Derivada <\/strong><\/p>\n\n\n\n<ul class=\"wp-block-list\">\n<li><a href=\"https:\/\/www.geogebra.org\/m\/v7e3qyrm\">Taxa m\u00e9dia de varia\u00e7\u00e3o e Taxa de varia\u00e7\u00e3o<\/a>. <\/li>\n<\/ul>\n\n\n\n<ul class=\"wp-block-list\">\n<li><a href=\"https:\/\/www.geogebra.org\/m\/a2urbxmz\">C\u00e1lculo da fun\u00e7\u00e3o derivada<\/a>. <\/li>\n<\/ul>\n\n\n\n<p><strong><a href=\"https:\/\/www.geogebra.org\/m\/dexapmhf\">Fun\u00e7\u00e3o Seno<\/a> &#8211; <\/strong> Estudo da fun\u00e7\u00e3o, transforma\u00e7\u00f5es do seu gr\u00e1fico e regress\u00e3o sinusoidal<br>Nesta atividade o utilizador \u00e9 convidado a manipular alguns aplets e por observa\u00e7\u00e3o a tirar conclus\u00f5es, que coloca \u00e0 prova, respondendo a algumas quest\u00f5es, recebendo feedback imediato no final. <\/p>\n\n\n\n<p><strong><a href=\"https:\/\/www.geogebra.org\/m\/hy2mgsn3\">Monotonia e Concavidade<\/a> &#8211; <\/strong> 1.\u00aa derivada e 2.\u00aa derivada de uma fun\u00e7\u00e3o.<br>Atrav\u00e9s de uma fun\u00e7\u00e3o c\u00fabica (da qual se pode escolher os zeros e o coeficiente do termo de maior grau), o utilizador pode observar, por manipula\u00e7\u00e3o, a rela\u00e7\u00e3o entre a monotonia da fun\u00e7\u00e3o e o sinal da 1.\u00aa derivada da fun\u00e7\u00e3o e tamb\u00e9m pode observar a rela\u00e7\u00e3o entre a concavidade do gr\u00e1fico da fun\u00e7\u00e3o e o sinal da 2.\u00aa derivada da fun\u00e7\u00e3o.<\/p>\n\n\n\n<p><strong>LIGA\u00c7\u00d5ES \u00daTEIS<\/strong><\/p>\n\n\n\n<figure class=\"wp-block-image size-full is-resized\"><a href=\"https:\/\/mat.absolutamente.net\/joomla\/#\"><img loading=\"lazy\" decoding=\"async\" width=\"373\" height=\"116\" src=\"https:\/\/aeoj.org\/biblioteca\/wp-content\/uploads\/2025\/11\/ABSOLUTAMENTE.jpg\" alt=\"\" class=\"wp-image-725\" style=\"width:152px;height:auto\" srcset=\"https:\/\/aeoj.org\/biblioteca\/wp-content\/uploads\/2025\/11\/ABSOLUTAMENTE.jpg 373w, https:\/\/aeoj.org\/biblioteca\/wp-content\/uploads\/2025\/11\/ABSOLUTAMENTE-300x93.jpg 300w\" sizes=\"auto, (max-width: 373px) 100vw, 373px\" \/><\/a><\/figure>\n\n\n\n<figure class=\"wp-block-image size-full\"><a href=\"https:\/\/planoalpha.pt\/provasmodelo\/\"><img loading=\"lazy\" decoding=\"async\" width=\"212\" height=\"56\" src=\"https:\/\/aeoj.org\/biblioteca\/wp-content\/uploads\/2025\/11\/PLANO-ALFA.jpg\" alt=\"\" class=\"wp-image-726\"\/><\/a><\/figure>\n\n\n\n<p>Aqui poder\u00e1s encontrar Provas Modelo para te preparares para o Exame Nacional.As Provas Modelo est\u00e3o organizadas de acordo com o modelo da Prova 635 \u2013 Exame Final Nacional de Matem\u00e1tica A.<\/p>\n\n\n\n<figure class=\"wp-block-image size-full\"><a href=\"https:\/\/www.pna.gov.pt\/ensino-secundario-ia\/\"><img loading=\"lazy\" decoding=\"async\" width=\"400\" height=\"197\" src=\"https:\/\/aeoj.org\/biblioteca\/wp-content\/uploads\/2025\/11\/SECUNDARIO.png\" alt=\"\" class=\"wp-image-737\" srcset=\"https:\/\/aeoj.org\/biblioteca\/wp-content\/uploads\/2025\/11\/SECUNDARIO.png 400w, https:\/\/aeoj.org\/biblioteca\/wp-content\/uploads\/2025\/11\/SECUNDARIO-300x148.png 300w\" sizes=\"auto, (max-width: 400px) 100vw, 400px\" \/><\/a><\/figure>\n","protected":false},"excerpt":{"rendered":"<p>Estuda com a biblioteca a qualquer hora e em qualquer lugar! Navega pelos links. PORTUGU\u00caS Ebook&nbsp;\u201cPortugu\u00eas num minuto: d\u00favidas com verbos\u201d Aqui&nbsp;podes esclarecer d\u00favidas com verbos, num minuto. \u00c9 s\u00f3 clicar e vais encontrar informa\u00e7\u00e3o \u00fatil e r\u00e1pida para falar e escrever com seguran\u00e7a. O que \u00e9 um verbete de dicion\u00e1rio? Neste v\u00eddeo, vamos explorar &hellip; <\/p>\n<p class=\"link-more\"><a href=\"https:\/\/aeoj.org\/biblioteca\/secundario\/\" class=\"more-link\">Continuar a ler <span class=\"screen-reader-text\">&#8220;Secund\u00e1rio&#8221;<\/span><\/a><\/p>\n","protected":false},"author":5,"featured_media":0,"parent":0,"menu_order":0,"comment_status":"closed","ping_status":"closed","template":"","meta":{"footnotes":""},"class_list":["post-720","page","type-page","status-publish","hentry"],"_links":{"self":[{"href":"https:\/\/aeoj.org\/biblioteca\/wp-json\/wp\/v2\/pages\/720","targetHints":{"allow":["GET"]}}],"collection":[{"href":"https:\/\/aeoj.org\/biblioteca\/wp-json\/wp\/v2\/pages"}],"about":[{"href":"https:\/\/aeoj.org\/biblioteca\/wp-json\/wp\/v2\/types\/page"}],"author":[{"embeddable":true,"href":"https:\/\/aeoj.org\/biblioteca\/wp-json\/wp\/v2\/users\/5"}],"replies":[{"embeddable":true,"href":"https:\/\/aeoj.org\/biblioteca\/wp-json\/wp\/v2\/comments?post=720"}],"version-history":[{"count":5,"href":"https:\/\/aeoj.org\/biblioteca\/wp-json\/wp\/v2\/pages\/720\/revisions"}],"predecessor-version":[{"id":821,"href":"https:\/\/aeoj.org\/biblioteca\/wp-json\/wp\/v2\/pages\/720\/revisions\/821"}],"wp:attachment":[{"href":"https:\/\/aeoj.org\/biblioteca\/wp-json\/wp\/v2\/media?parent=720"}],"curies":[{"name":"wp","href":"https:\/\/api.w.org\/{rel}","templated":true}]}}