{"id":715,"date":"2025-11-19T15:17:51","date_gmt":"2025-11-19T15:17:51","guid":{"rendered":"https:\/\/aeoj.org\/biblioteca\/?page_id=715"},"modified":"2025-11-19T15:17:51","modified_gmt":"2025-11-19T15:17:51","slug":"leitura-orientada","status":"publish","type":"page","link":"https:\/\/aeoj.org\/biblioteca\/leitura-orientada\/","title":{"rendered":"Leitura Orientada"},"content":{"rendered":"\n<figure class=\"wp-block-image size-large\"><img loading=\"lazy\" decoding=\"async\" width=\"1024\" height=\"248\" src=\"https:\/\/aeoj.org\/biblioteca\/wp-content\/uploads\/2025\/11\/cabecalho-LOSA-1024x248.jpg\" alt=\"\" class=\"wp-image-716\" srcset=\"https:\/\/aeoj.org\/biblioteca\/wp-content\/uploads\/2025\/11\/cabecalho-LOSA-1024x248.jpg 1024w, https:\/\/aeoj.org\/biblioteca\/wp-content\/uploads\/2025\/11\/cabecalho-LOSA-300x73.jpg 300w, https:\/\/aeoj.org\/biblioteca\/wp-content\/uploads\/2025\/11\/cabecalho-LOSA-768x186.jpg 768w, https:\/\/aeoj.org\/biblioteca\/wp-content\/uploads\/2025\/11\/cabecalho-LOSA.jpg 1054w\" sizes=\"auto, (max-width: 767px) 89vw, (max-width: 1000px) 54vw, (max-width: 1071px) 543px, 580px\" \/><\/figure>\n\n\n\n<p><a href=\"https:\/\/www.leituraorientada.pnl2027.gov.pt\/recursos-did%C3%A1ticos_1\">LOSA<\/a> &#8211; O projeto <strong>LOSA<\/strong> (Leitura Orientada em Sala de Aula) apresenta materiais did\u00e1ticos e orienta\u00e7\u00f5es para os professores e para todos os n\u00edveis de ensino, organizados a partir das dificuldades dos alunos.<\/p>\n","protected":false},"excerpt":{"rendered":"<p>LOSA &#8211; O projeto LOSA (Leitura Orientada em Sala de Aula) apresenta materiais did\u00e1ticos e orienta\u00e7\u00f5es para os professores e para todos os n\u00edveis de ensino, organizados a partir das dificuldades dos alunos.<\/p>\n","protected":false},"author":5,"featured_media":0,"parent":0,"menu_order":0,"comment_status":"closed","ping_status":"closed","template":"","meta":{"footnotes":""},"class_list":["post-715","page","type-page","status-publish","hentry"],"_links":{"self":[{"href":"https:\/\/aeoj.org\/biblioteca\/wp-json\/wp\/v2\/pages\/715","targetHints":{"allow":["GET"]}}],"collection":[{"href":"https:\/\/aeoj.org\/biblioteca\/wp-json\/wp\/v2\/pages"}],"about":[{"href":"https:\/\/aeoj.org\/biblioteca\/wp-json\/wp\/v2\/types\/page"}],"author":[{"embeddable":true,"href":"https:\/\/aeoj.org\/biblioteca\/wp-json\/wp\/v2\/users\/5"}],"replies":[{"embeddable":true,"href":"https:\/\/aeoj.org\/biblioteca\/wp-json\/wp\/v2\/comments?post=715"}],"version-history":[{"count":1,"href":"https:\/\/aeoj.org\/biblioteca\/wp-json\/wp\/v2\/pages\/715\/revisions"}],"predecessor-version":[{"id":717,"href":"https:\/\/aeoj.org\/biblioteca\/wp-json\/wp\/v2\/pages\/715\/revisions\/717"}],"wp:attachment":[{"href":"https:\/\/aeoj.org\/biblioteca\/wp-json\/wp\/v2\/media?parent=715"}],"curies":[{"name":"wp","href":"https:\/\/api.w.org\/{rel}","templated":true}]}}