{"id":608,"date":"2025-10-21T21:44:35","date_gmt":"2025-10-21T21:44:35","guid":{"rendered":"https:\/\/aeoj.org\/biblioteca\/?page_id=608"},"modified":"2025-10-21T21:44:35","modified_gmt":"2025-10-21T21:44:35","slug":"perguntas-nos-respondemos","status":"publish","type":"page","link":"https:\/\/aeoj.org\/biblioteca\/perguntas-nos-respondemos\/","title":{"rendered":"Perguntas? N\u00f3s respondemos!"},"content":{"rendered":"\n<p><strong>Como posso requisitar livros na biblioteca?<\/strong><\/p>\n\n\n\n<p>Para come\u00e7ar, deves pedir a ficha de inscri\u00e7\u00e3o na Biblioteca Escolar. Com ela, receber\u00e1s o cart\u00e3o da biblioteca, que te d\u00e1 acesso a todas as bibliotecas da rede do concelho de S. Jo\u00e3o da Madeira. Depois, basta dirigires-te \u00e0 biblioteca e, no balc\u00e3o de atendimento, solicitar o documento que procuras ou pedir ajuda para encontrares o que melhor se adequa \u00e0s tuas necessidades.<\/p>\n\n\n\n<p><strong>Quanto tempo posso ficar com o documento requisitado?<\/strong><\/p>\n\n\n\n<p>Tens 15 dias. Terminado este tempo, podes fazer a renova\u00e7\u00e3o do empr\u00e9stimo ou a sua entrega na tua biblioteca.<\/p>\n\n\n\n<p><strong>Se n\u00e3o estregar um livro na data limite, o que acontece?<\/strong><\/p>\n\n\n\n<p>Continuas a ter acesso \u00e0 biblioteca escolar, mas ficas impedido de requisitar mais documentos, at\u00e9 entregares o livro. Quando regularizares a situa\u00e7\u00e3o, podes voltar a requisitar.<\/p>\n\n\n\n<p><strong>E se eu perder o livro, o que devo fazer?<\/strong><\/p>\n\n\n\n<p>Deves comprar um livro igual ou com um valor equivalente e entreg\u00e1-lo na tua biblioteca.<\/p>\n\n\n\n<p><strong>Que documentos devo ter comigo para ir \u00e0 biblioteca?<\/strong><\/p>\n\n\n\n<p>O ideal ser\u00e1 teres o cart\u00e3o da biblioteca para efetuares as requisi\u00e7\u00f5es, mas se n\u00e3o tiveres, podes dizer o teu nome e turma ao membro da equipa que est\u00e1 a fazer a requisi\u00e7\u00e3o. Ele (a) vai procurar o n\u00famero de leitor que te foi atribu\u00eddo.<\/p>\n\n\n\n<p><strong>Como posso consultar, no cat\u00e1logo, o documento que pretendo ler?<\/strong><\/p>\n\n\n\n<p><\/p>\n","protected":false},"excerpt":{"rendered":"<p>Como posso requisitar livros na biblioteca? Para come\u00e7ar, deves pedir a ficha de inscri\u00e7\u00e3o na Biblioteca Escolar. Com ela, receber\u00e1s o cart\u00e3o da biblioteca, que te d\u00e1 acesso a todas as bibliotecas da rede do concelho de S. Jo\u00e3o da Madeira. Depois, basta dirigires-te \u00e0 biblioteca e, no balc\u00e3o de atendimento, solicitar o documento que &hellip; <\/p>\n<p class=\"link-more\"><a href=\"https:\/\/aeoj.org\/biblioteca\/perguntas-nos-respondemos\/\" class=\"more-link\">Continuar a ler <span class=\"screen-reader-text\">&#8220;Perguntas? N\u00f3s respondemos!&#8221;<\/span><\/a><\/p>\n","protected":false},"author":5,"featured_media":0,"parent":0,"menu_order":0,"comment_status":"closed","ping_status":"closed","template":"","meta":{"footnotes":""},"class_list":["post-608","page","type-page","status-publish","hentry"],"_links":{"self":[{"href":"https:\/\/aeoj.org\/biblioteca\/wp-json\/wp\/v2\/pages\/608","targetHints":{"allow":["GET"]}}],"collection":[{"href":"https:\/\/aeoj.org\/biblioteca\/wp-json\/wp\/v2\/pages"}],"about":[{"href":"https:\/\/aeoj.org\/biblioteca\/wp-json\/wp\/v2\/types\/page"}],"author":[{"embeddable":true,"href":"https:\/\/aeoj.org\/biblioteca\/wp-json\/wp\/v2\/users\/5"}],"replies":[{"embeddable":true,"href":"https:\/\/aeoj.org\/biblioteca\/wp-json\/wp\/v2\/comments?post=608"}],"version-history":[{"count":1,"href":"https:\/\/aeoj.org\/biblioteca\/wp-json\/wp\/v2\/pages\/608\/revisions"}],"predecessor-version":[{"id":609,"href":"https:\/\/aeoj.org\/biblioteca\/wp-json\/wp\/v2\/pages\/608\/revisions\/609"}],"wp:attachment":[{"href":"https:\/\/aeoj.org\/biblioteca\/wp-json\/wp\/v2\/media?parent=608"}],"curies":[{"name":"wp","href":"https:\/\/api.w.org\/{rel}","templated":true}]}}