{"id":586,"date":"2025-10-21T20:45:50","date_gmt":"2025-10-21T20:45:50","guid":{"rendered":"https:\/\/aeoj.org\/biblioteca\/?page_id=586"},"modified":"2025-10-21T20:45:50","modified_gmt":"2025-10-21T20:45:50","slug":"quem-somos","status":"publish","type":"page","link":"https:\/\/aeoj.org\/biblioteca\/quem-somos\/","title":{"rendered":"Quem somos"},"content":{"rendered":"\n<p id=\"block-f2121df2-95e1-4e11-8e47-0c473815aa69\">A Biblioteca Escolar do Agrupamento de Escolas Oliveira J\u00fanior \u00e9 constitu\u00edda por tr\u00eas bibliotecas:<\/p>\n\n\n\n<p id=\"block-17b30fb3-d6f7-45d5-9831-2eab5cd6bf57\">Biblioteca Escolar Oliveira J\u00fanior<\/p>\n\n\n\n<figure class=\"wp-block-image size-full\"><img loading=\"lazy\" decoding=\"async\" width=\"768\" height=\"512\" src=\"https:\/\/aeoj.org\/biblioteca\/wp-content\/uploads\/2025\/10\/bib3.jpg\" alt=\"\" class=\"wp-image-598\" srcset=\"https:\/\/aeoj.org\/biblioteca\/wp-content\/uploads\/2025\/10\/bib3.jpg 768w, https:\/\/aeoj.org\/biblioteca\/wp-content\/uploads\/2025\/10\/bib3-300x200.jpg 300w\" sizes=\"auto, (max-width: 767px) 89vw, (max-width: 1000px) 54vw, (max-width: 1071px) 543px, 580px\" \/><\/figure>\n\n\n\n<p id=\"block-5c06b9d8-7e53-4d85-be6c-6ba23e856ac7\">Biblioteca Escolar da EB1 Espadanal<\/p>\n\n\n\n<figure class=\"wp-block-image size-full\"><img loading=\"lazy\" decoding=\"async\" width=\"768\" height=\"512\" src=\"https:\/\/aeoj.org\/biblioteca\/wp-content\/uploads\/2025\/10\/bib1.jpg\" alt=\"\" class=\"wp-image-597\" srcset=\"https:\/\/aeoj.org\/biblioteca\/wp-content\/uploads\/2025\/10\/bib1.jpg 768w, https:\/\/aeoj.org\/biblioteca\/wp-content\/uploads\/2025\/10\/bib1-300x200.jpg 300w\" sizes=\"auto, (max-width: 767px) 89vw, (max-width: 1000px) 54vw, (max-width: 1071px) 543px, 580px\" \/><\/figure>\n\n\n\n<p id=\"block-bf8055e7-5e97-4006-8654-b1b37133d7dd\">Biblioteca Escolar da EB1 \/ JI Ribeiros<\/p>\n\n\n\n<figure class=\"wp-block-image size-full\"><img loading=\"lazy\" decoding=\"async\" width=\"768\" height=\"512\" src=\"https:\/\/aeoj.org\/biblioteca\/wp-content\/uploads\/2025\/10\/bib2.jpg\" alt=\"\" class=\"wp-image-599\" srcset=\"https:\/\/aeoj.org\/biblioteca\/wp-content\/uploads\/2025\/10\/bib2.jpg 768w, https:\/\/aeoj.org\/biblioteca\/wp-content\/uploads\/2025\/10\/bib2-300x200.jpg 300w\" sizes=\"auto, (max-width: 767px) 89vw, (max-width: 1000px) 54vw, (max-width: 1071px) 543px, 580px\" \/><\/figure>\n","protected":false},"excerpt":{"rendered":"<p>A Biblioteca Escolar do Agrupamento de Escolas Oliveira J\u00fanior \u00e9 constitu\u00edda por tr\u00eas bibliotecas: Biblioteca Escolar Oliveira J\u00fanior Biblioteca Escolar da EB1 Espadanal Biblioteca Escolar da EB1 \/ JI Ribeiros<\/p>\n","protected":false},"author":5,"featured_media":0,"parent":0,"menu_order":0,"comment_status":"closed","ping_status":"closed","template":"","meta":{"footnotes":""},"class_list":["post-586","page","type-page","status-publish","hentry"],"_links":{"self":[{"href":"https:\/\/aeoj.org\/biblioteca\/wp-json\/wp\/v2\/pages\/586","targetHints":{"allow":["GET"]}}],"collection":[{"href":"https:\/\/aeoj.org\/biblioteca\/wp-json\/wp\/v2\/pages"}],"about":[{"href":"https:\/\/aeoj.org\/biblioteca\/wp-json\/wp\/v2\/types\/page"}],"author":[{"embeddable":true,"href":"https:\/\/aeoj.org\/biblioteca\/wp-json\/wp\/v2\/users\/5"}],"replies":[{"embeddable":true,"href":"https:\/\/aeoj.org\/biblioteca\/wp-json\/wp\/v2\/comments?post=586"}],"version-history":[{"count":2,"href":"https:\/\/aeoj.org\/biblioteca\/wp-json\/wp\/v2\/pages\/586\/revisions"}],"predecessor-version":[{"id":600,"href":"https:\/\/aeoj.org\/biblioteca\/wp-json\/wp\/v2\/pages\/586\/revisions\/600"}],"wp:attachment":[{"href":"https:\/\/aeoj.org\/biblioteca\/wp-json\/wp\/v2\/media?parent=586"}],"curies":[{"name":"wp","href":"https:\/\/api.w.org\/{rel}","templated":true}]}}